{"id":63,"date":"2023-09-09T08:23:19","date_gmt":"2023-09-09T08:23:19","guid":{"rendered":"http:\/\/fidelio-jugend.de\/?page_id=63"},"modified":"2024-10-11T10:03:58","modified_gmt":"2024-10-11T10:03:58","slug":"schafkopf-turnier","status":"publish","type":"page","link":"https:\/\/fidelio-jugend.de\/?page_id=63","title":{"rendered":"Schafkopf-Turnier"},"content":{"rendered":"\n<p>Es ist wieder soweit. Der Gesellschaftsklub Fidelio veranstaltet ein Schafkopf-Turnier.<\/p>\n\n\n\n<figure class=\"wp-block-gallery has-nested-images columns-default is-cropped wp-block-gallery-1 is-layout-flex wp-block-gallery-is-layout-flex\">\n<figure class=\"wp-block-image size-large\"><img loading=\"lazy\" decoding=\"async\" width=\"225\" height=\"225\" data-id=\"65\" src=\"http:\/\/fidelio-jugend.de\/wp-content\/uploads\/2023\/09\/Bild-I.jpeg\" alt=\"\" class=\"wp-image-65\" srcset=\"https:\/\/fidelio-jugend.de\/wp-content\/uploads\/2023\/09\/Bild-I.jpeg 225w, https:\/\/fidelio-jugend.de\/wp-content\/uploads\/2023\/09\/Bild-I-150x150.jpeg 150w\" sizes=\"auto, (max-width: 225px) 100vw, 225px\" \/><\/figure>\n\n\n\n<figure class=\"wp-block-image size-large\"><img loading=\"lazy\" decoding=\"async\" width=\"300\" height=\"168\" data-id=\"66\" src=\"http:\/\/fidelio-jugend.de\/wp-content\/uploads\/2023\/09\/Bild-II.jpeg\" alt=\"\" class=\"wp-image-66\"\/><\/figure>\n\n\n\n<figure class=\"wp-block-image size-large\"><img loading=\"lazy\" decoding=\"async\" width=\"299\" height=\"168\" data-id=\"64\" src=\"http:\/\/fidelio-jugend.de\/wp-content\/uploads\/2023\/09\/Bild-III.jpeg\" alt=\"\" class=\"wp-image-64\"\/><\/figure>\n<\/figure>\n\n\n\n<p><\/p>\n\n\n\n<p>Liebe Freunde des gepflegten Schafkopfspieles,<\/p>\n\n\n\n<p>der Fidelio Preisschafkopf darf sich ja inzwischen \u201etraditionell\u201c nennen. Deshalb habt ihr den Termin f\u00fcr den j\u00e4hrlichen Schafkopfabend bestimmt vorgemerkt. Am 2.10.24 ist es wieder soweit. Dann startet um 19:00 Uhr der 4. traditionelle Fidelio Preisschafkopf im Waldhaus.<\/p>\n\n\n\n<p>Du geh\u00f6rst zu dem bisherigen Teilnehmerkreis und willst dir den geselligen (und sicher da und dort auch emotionalen\ud83d\ude0a) Abend auch dieses Jahr sicher nicht entgehen lassen. Deshalb laden wir Dich als zus\u00e4tzliche Ged\u00e4chtnisst\u00fctze auch auf diesem Wege wieder pers\u00f6nlich sehr herzlich ein. Weitere potentielle MitspielerInnen (MitstreiterInnen) werden \u00fcber die Fidelio Whats-App-Gruppe und das Internet informiert. Auch die pers\u00f6nliche Ansprache Interessierter hilft, den Teilnehmerkreis zu erweitern. Du darfst gerne regen Gebrauch davon machen.<\/p>\n\n\n\n<p>Wie im vergangenen Jahr erm\u00f6glichen wir es auch Familien-angeh\u00f6rigen von teilnahmeberechtigten Fideliomitgliedern (z. B. Kinder, Bruder, Schwester) wieder mitspielen zu k\u00f6nnen. Dadurch beh\u00e4lt die Veranstaltung den famili\u00e4ren Charakter und f\u00fchrt m\u00f6glicherweise zur durchaus gew\u00fcnschten Erh\u00f6hung der Zahl der bekennenden Schafk\u00f6pfe. Du darfst also gerne in diesem Kreis f\u00fcr das Karten spielen Werbung machen.<\/p>\n\n\n\n<p>Die Teilnahmegeb\u00fchr betr\u00e4gt nach wie vor 5,00 \u20ac; sie wird restlos wieder ausgesch\u00fcttet. Daneben wird es auch Sachpreise geben. Wie immer versuchen wir auch dieses Mal, m\u00f6glichst vielen Teilnehmern einen kleinen Gewinn zukommen zu lassen.<\/p>\n\n\n\n<p>F\u00fcr Getr\u00e4nke und belegte Br\u00f6tchen ist gesorgt.<\/p>\n\n\n\n<p>\u201eFrisch auf\u201c und \u201eGut Blatt\u201c<\/p>\n\n\n\n<p><em>Gesellschaftsklub \u201eFidelio\u201c e.V. 1913<\/em><\/p>\n\n\n\n<p><em>Aschaffenburg -Schweinheim<\/em><\/p>\n\n\n\n<p>I.A.<\/p>\n\n\n\n<p>Peter M\u00fcller&nbsp;&nbsp;&nbsp;&nbsp;&nbsp;&nbsp;&nbsp;&nbsp;&nbsp;&nbsp;&nbsp;&nbsp;&nbsp;&nbsp;&nbsp;&nbsp; Norbert M\u00fcller&nbsp;&nbsp;&nbsp; Dietmar Griesbeck<\/p>\n\n\n\n<p><\/p>\n","protected":false},"excerpt":{"rendered":"<p>Es ist wieder soweit. Der Gesellschaftsklub Fidelio veranstaltet ein Schafkopf-Turnier. Liebe Freunde des gepflegten Schafkopfspieles, der Fidelio Preisschafkopf darf sich ja inzwischen \u201etraditionell\u201c nennen. Deshalb habt ihr den Termin f\u00fcr [&hellip;]<\/p>\n","protected":false},"author":1,"featured_media":0,"parent":0,"menu_order":0,"comment_status":"closed","ping_status":"closed","template":"","meta":{"footnotes":""},"class_list":["post-63","page","type-page","status-publish","hentry"],"_links":{"self":[{"href":"https:\/\/fidelio-jugend.de\/index.php?rest_route=\/wp\/v2\/pages\/63","targetHints":{"allow":["GET"]}}],"collection":[{"href":"https:\/\/fidelio-jugend.de\/index.php?rest_route=\/wp\/v2\/pages"}],"about":[{"href":"https:\/\/fidelio-jugend.de\/index.php?rest_route=\/wp\/v2\/types\/page"}],"author":[{"embeddable":true,"href":"https:\/\/fidelio-jugend.de\/index.php?rest_route=\/wp\/v2\/users\/1"}],"replies":[{"embeddable":true,"href":"https:\/\/fidelio-jugend.de\/index.php?rest_route=%2Fwp%2Fv2%2Fcomments&post=63"}],"version-history":[{"count":9,"href":"https:\/\/fidelio-jugend.de\/index.php?rest_route=\/wp\/v2\/pages\/63\/revisions"}],"predecessor-version":[{"id":470,"href":"https:\/\/fidelio-jugend.de\/index.php?rest_route=\/wp\/v2\/pages\/63\/revisions\/470"}],"wp:attachment":[{"href":"https:\/\/fidelio-jugend.de\/index.php?rest_route=%2Fwp%2Fv2%2Fmedia&parent=63"}],"curies":[{"name":"wp","href":"https:\/\/api.w.org\/{rel}","templated":true}]}}