{"id":5,"date":"2023-08-20T08:37:17","date_gmt":"2023-08-20T08:37:17","guid":{"rendered":"http:\/\/fidelio-jugend.de\/?page_id=5"},"modified":"2023-10-29T07:09:49","modified_gmt":"2023-10-29T07:09:49","slug":"willkommen-auf-http-fidelio-jugend-de","status":"publish","type":"page","link":"https:\/\/fidelio-jugend.de\/","title":{"rendered":"Willkommen bei der Fidelio Jugend"},"content":{"rendered":"\n<h2 class=\"wp-block-heading has-text-align-center\"><strong>Hallo zusammen<\/strong><\/h2>\n\n\n\n<h2 class=\"wp-block-heading has-text-align-center\"><strong><mark style=\"background-color:rgba(0, 0, 0, 0)\" class=\"has-inline-color has-black-color\">Wenn ich uns kurz vorstellen darf <\/mark><\/strong><\/h2>\n\n\n\n<h2 class=\"wp-block-heading has-text-align-center\"><strong><mark style=\"background-color:rgba(0, 0, 0, 0)\" class=\"has-inline-color has-black-color\">Die Jugend und Familiengruppe des Gesellschaftsklub Fidelio e.V.<\/mark><\/strong><\/h2>\n\n\n\n<p class=\"has-text-align-center\"><\/p>\n\n\n\n<p><\/p>\n\n\n\n<div class=\"wp-block-media-text is-stacked-on-mobile is-vertically-aligned-center\"><figure class=\"wp-block-media-text__media\"><img loading=\"lazy\" decoding=\"async\" width=\"1024\" height=\"789\" src=\"http:\/\/fidelio-jugend.de\/wp-content\/uploads\/2023\/10\/WhatsApp-Image-2023-10-25-at-18.06.52-1024x789.jpeg\" alt=\"\" class=\"wp-image-99 size-full\" srcset=\"https:\/\/fidelio-jugend.de\/wp-content\/uploads\/2023\/10\/WhatsApp-Image-2023-10-25-at-18.06.52-1024x789.jpeg 1024w, https:\/\/fidelio-jugend.de\/wp-content\/uploads\/2023\/10\/WhatsApp-Image-2023-10-25-at-18.06.52-300x231.jpeg 300w, https:\/\/fidelio-jugend.de\/wp-content\/uploads\/2023\/10\/WhatsApp-Image-2023-10-25-at-18.06.52-768x592.jpeg 768w, https:\/\/fidelio-jugend.de\/wp-content\/uploads\/2023\/10\/WhatsApp-Image-2023-10-25-at-18.06.52.jpeg 1347w\" sizes=\"auto, (max-width: 1024px) 100vw, 1024px\" \/><\/figure><div class=\"wp-block-media-text__content\">\n<p>Jeder wei\u00df wo unser Vereinsheim im Honiggrund steht, wie gem\u00fctlich unser Waldfest ist, und wie sch\u00f6n es dort ist. Unser Vereinsleben besteht haupts\u00e4chlich aus Wanderungen f\u00fcr Jung und Alt, durchgef\u00fchrt und geplant von gut geschulten Vereinsmitgliedern + freiwilligen Personen. G\u00e4ste sind nicht nur bei unseren Waldhaus\u00f6ffnungen willkommen, sondern auch bei Wanderungen. Ein Mandolinenorchester u. Chor bestehen auch. Hier schreibe ich speziell f\u00fcr die Jugend und wollte den Schwoijer Familien einen kleinen Einblick verschaffen, vielleicht auch Neugier wecken was wir so machen.<\/p>\n<\/div><\/div>\n\n\n\n<p><\/p>\n\n\n\n<div class=\"wp-block-media-text has-media-on-the-right is-stacked-on-mobile\"><div class=\"wp-block-media-text__content\">\n<p>Wir haben verschiedene Aktionen wie z.B. Nistk\u00e4sten s\u00e4ubern mit Lakefleischessen, Aktion saubere Landschaft, Osterhasenwanderung, Paddeltour auf verschieden Fl\u00fcssen, Familienzeltlager, Jahresabschlussfahrt, Nikolauswanderung, eine Lese- Spielenacht und viele weitere Aktionen, die von Jahr zu Jahr wechseln und mehr werden.<\/p>\n<\/div><figure class=\"wp-block-media-text__media\"><img loading=\"lazy\" decoding=\"async\" width=\"1024\" height=\"768\" src=\"http:\/\/fidelio-jugend.de\/wp-content\/uploads\/2023\/10\/WhatsApp-Image-2023-10-25-at-18.07.44-1024x768.jpeg\" alt=\"\" class=\"wp-image-98 size-full\" srcset=\"https:\/\/fidelio-jugend.de\/wp-content\/uploads\/2023\/10\/WhatsApp-Image-2023-10-25-at-18.07.44-1024x768.jpeg 1024w, https:\/\/fidelio-jugend.de\/wp-content\/uploads\/2023\/10\/WhatsApp-Image-2023-10-25-at-18.07.44-300x225.jpeg 300w, https:\/\/fidelio-jugend.de\/wp-content\/uploads\/2023\/10\/WhatsApp-Image-2023-10-25-at-18.07.44-768x576.jpeg 768w, https:\/\/fidelio-jugend.de\/wp-content\/uploads\/2023\/10\/WhatsApp-Image-2023-10-25-at-18.07.44-1536x1152.jpeg 1536w, https:\/\/fidelio-jugend.de\/wp-content\/uploads\/2023\/10\/WhatsApp-Image-2023-10-25-at-18.07.44.jpeg 2048w\" sizes=\"auto, (max-width: 1024px) 100vw, 1024px\" \/><\/figure><\/div>\n\n\n\n<p><\/p>\n\n\n\n<div class=\"wp-block-media-text is-stacked-on-mobile is-vertically-aligned-center\"><figure class=\"wp-block-media-text__media\"><img loading=\"lazy\" decoding=\"async\" width=\"768\" height=\"1024\" src=\"http:\/\/fidelio-jugend.de\/wp-content\/uploads\/2023\/10\/WhatsApp-Image-2023-10-25-at-18.07.14-768x1024.jpeg\" alt=\"\" class=\"wp-image-100 size-full\" srcset=\"https:\/\/fidelio-jugend.de\/wp-content\/uploads\/2023\/10\/WhatsApp-Image-2023-10-25-at-18.07.14-768x1024.jpeg 768w, https:\/\/fidelio-jugend.de\/wp-content\/uploads\/2023\/10\/WhatsApp-Image-2023-10-25-at-18.07.14-225x300.jpeg 225w, https:\/\/fidelio-jugend.de\/wp-content\/uploads\/2023\/10\/WhatsApp-Image-2023-10-25-at-18.07.14-1152x1536.jpeg 1152w, https:\/\/fidelio-jugend.de\/wp-content\/uploads\/2023\/10\/WhatsApp-Image-2023-10-25-at-18.07.14.jpeg 1536w\" sizes=\"auto, (max-width: 768px) 100vw, 768px\" \/><\/figure><div class=\"wp-block-media-text__content\">\n<p>Einen Jugendraum, im Waldhaus ist auch vorhanden, der aktuell neugestaltet wird.<\/p>\n\n\n\n<p>Im November erstellen wir wieder Wanderpl\u00e4ne, in denen f\u00fcr jeden was dabei ist. Weitere Infos zu unseren Aktionen findet ihr unter <a href=\"https:\/\/www.fidelio.net\/\" data-type=\"link\" data-id=\"https:\/\/www.fidelio.net\/\" target=\"_blank\" rel=\"noreferrer noopener\">fidelio.net.<\/a><\/p>\n\n\n\n<p>Am Ersten Advent findet die Nikolauswanderung mit einem gemeinsamen, gem\u00fctlichen Ausklang im Waldhaus statt. Ebenfalls an dem Tag haben wir einen Adventsmarkt auf unserm weihnachtlichen Vereinsgel\u00e4nde.<\/p>\n<\/div><\/div>\n\n\n\n<p><\/p>\n\n\n\n<hr class=\"wp-block-separator has-alpha-channel-opacity\"\/>\n\n\n<p>Wenn ich mit diesem Artikel Eure Neugier angeregt habe, ist mein Ziel erreicht.<\/p>\n<p>Wer Fragen bez\u00fcglich der Jugendarbeit hat darf sich gerne an mich wenden<\/p>\n<p>Ich w\u00fcnsche jedem eine gesunde, fr\u00f6hliche Zeit<\/p>\n<p>Mir ganz Lieben Gr\u00fc\u00dfen, Frisch Auf,<\/p>\n<p>Christian Karpf<\/p>\n<p>Jugendleiter Fidelio Schweinheim<\/p>\n\n\n<p><\/p>\n","protected":false},"excerpt":{"rendered":"<p>Hallo zusammen Wenn ich uns kurz vorstellen darf Die Jugend und Familiengruppe des Gesellschaftsklub Fidelio e.V. Jeder wei\u00df wo unser Vereinsheim im Honiggrund steht, wie gem\u00fctlich unser Waldfest ist, und [&hellip;]<\/p>\n","protected":false},"author":1,"featured_media":0,"parent":0,"menu_order":0,"comment_status":"closed","ping_status":"open","template":"","meta":{"footnotes":""},"class_list":["post-5","page","type-page","status-publish","hentry"],"_links":{"self":[{"href":"https:\/\/fidelio-jugend.de\/index.php?rest_route=\/wp\/v2\/pages\/5","targetHints":{"allow":["GET"]}}],"collection":[{"href":"https:\/\/fidelio-jugend.de\/index.php?rest_route=\/wp\/v2\/pages"}],"about":[{"href":"https:\/\/fidelio-jugend.de\/index.php?rest_route=\/wp\/v2\/types\/page"}],"author":[{"embeddable":true,"href":"https:\/\/fidelio-jugend.de\/index.php?rest_route=\/wp\/v2\/users\/1"}],"replies":[{"embeddable":true,"href":"https:\/\/fidelio-jugend.de\/index.php?rest_route=%2Fwp%2Fv2%2Fcomments&post=5"}],"version-history":[{"count":12,"href":"https:\/\/fidelio-jugend.de\/index.php?rest_route=\/wp\/v2\/pages\/5\/revisions"}],"predecessor-version":[{"id":114,"href":"https:\/\/fidelio-jugend.de\/index.php?rest_route=\/wp\/v2\/pages\/5\/revisions\/114"}],"wp:attachment":[{"href":"https:\/\/fidelio-jugend.de\/index.php?rest_route=%2Fwp%2Fv2%2Fmedia&parent=5"}],"curies":[{"name":"wp","href":"https:\/\/api.w.org\/{rel}","templated":true}]}}