{"id":447,"date":"2024-09-21T04:57:21","date_gmt":"2024-09-21T04:57:21","guid":{"rendered":"http:\/\/fidelio-jugend.de\/?page_id=447"},"modified":"2024-09-21T04:57:22","modified_gmt":"2024-09-21T04:57:22","slug":"jahresabschlussfahrt-in-den-europapark-2024","status":"publish","type":"page","link":"http:\/\/fidelio-jugend.de\/?page_id=447","title":{"rendered":"Jahresabschlussfahrt in den Europapark 2024"},"content":{"rendered":"\n<p>Die diesj\u00e4hrige Jahresabschlussfahrt f\u00fchrt uns in den Europapark bei Rust. Dort werden wir einen erlebnisreichen Tag verbringen und es ist garantiert f\u00fcr jede und jeden etwas dabei:<\/p>\n\n\n\n<ul class=\"wp-block-list\">\n<li>f\u00fcr furchtlose Adrenalinfans gibt es einen Haufen Fahrspa\u00df auf einer der 14 verschiedenen Achterbahnen, z. B. geht\u2019s in der Bluefire in 2,5 Sekunden von 0 auf 100 km\/h oder man ist in der neuesten Achterbahn Voltron f\u00fcr 2,2 Sekunden am St\u00fcck in Schwerelosigkeit<\/li>\n\n\n\n<li>f\u00fcr Kinder und Familien gibt es ebenfalls ein gro\u00dfes Angebot, wie beispielsweise einen Abenteuerspielplatz, einen Bobby-Car Parcour, den Alpenexpress \u201eEnzian\u201c, oder die Bahn \u201eArthur\u201c die euch durch das K\u00f6nigreich der Minimoys f\u00fchrt.<\/li>\n\n\n\n<li>Da Halloween bevorstehen wird, wenn wir den Europapark besuchen, k\u00f6nnen wir uns im Park auf viele schaurige Dekorationen sowie auf \u00fcber 180.000 K\u00fcrbissen im Park und die abschlie\u00dfende Halloween-Parade freuen. (Es sind keine Verkleidungen erlaubt, um Verwechslungen mit den kost\u00fcmierten Mitarbeitern des Europaparks zu vermeiden.)<\/li>\n<\/ul>\n\n\n\n<p>Ihr seid alle herzlich willkommen, hier findet ihr die wichtigsten Infos:<\/p>\n\n\n\n<figure class=\"wp-block-table\"><table><tbody><tr><td>Wann? &nbsp;<\/td><td>Samstag, den 19.10.2024<\/td><td>Abfahrt um 6 Uhr (Fahrzeit ca. 3,5 h)<\/td><td>Abends kommen wir ab 21:30-22:30 Uhr zur\u00fcck<\/td><\/tr><tr><td>Wo?<\/td><td colspan=\"3\">An der Bushaltestelle Hensbachstra\u00dfe Schweinheim<\/td><\/tr><tr><td>Kosten (inkl. Bus)<\/td><td>Kinder (4-17 Jahre): 46,50 \u20ac<\/td><td colspan=\"2\">Erwachsene (18+): 56,50 \u20ac<\/td><\/tr><\/tbody><\/table><\/figure>\n\n\n\n<p>F\u00fcr die Anmeldung gilt \u201ewer zuerst kommt, mahlt zuerst\u201c, ebenso wird es eine Nachr\u00fcckerliste geben. Bitte anmelden <strong>bis zum 6.10.2024<\/strong> per E-Mail an linamuellerab@aol.com mit dem Betreff \u201eFidelio &#8211; Jahresabschlussfahrt\u201c. Bezahlung am besten per \u00dcberweisung, Details folgen nach der Anmeldung per E-Mail.<\/p>\n\n\n\n<p>Link zur Anmeldung hier: <a href=\"http:\/\/fidelio-jugend.de\/?page_id=449\" data-type=\"page\" data-id=\"449\">Anmeldung Jahresabschlussfahrt<\/a><\/p>\n\n\n\n<p>Es freut sich auf einen Tag voller Spa\u00df und Abenteuer mit euch,<\/p>\n\n\n\n<p>Lina<\/p>\n","protected":false},"excerpt":{"rendered":"<p>Die diesj\u00e4hrige Jahresabschlussfahrt f\u00fchrt uns in den Europapark bei Rust. Dort werden wir einen erlebnisreichen Tag verbringen und es ist garantiert f\u00fcr jede und jeden etwas dabei: Ihr seid alle [&hellip;]<\/p>\n","protected":false},"author":1,"featured_media":0,"parent":0,"menu_order":0,"comment_status":"closed","ping_status":"closed","template":"","meta":{"footnotes":""},"class_list":["post-447","page","type-page","status-publish","hentry"],"_links":{"self":[{"href":"http:\/\/fidelio-jugend.de\/index.php?rest_route=\/wp\/v2\/pages\/447","targetHints":{"allow":["GET"]}}],"collection":[{"href":"http:\/\/fidelio-jugend.de\/index.php?rest_route=\/wp\/v2\/pages"}],"about":[{"href":"http:\/\/fidelio-jugend.de\/index.php?rest_route=\/wp\/v2\/types\/page"}],"author":[{"embeddable":true,"href":"http:\/\/fidelio-jugend.de\/index.php?rest_route=\/wp\/v2\/users\/1"}],"replies":[{"embeddable":true,"href":"http:\/\/fidelio-jugend.de\/index.php?rest_route=%2Fwp%2Fv2%2Fcomments&post=447"}],"version-history":[{"count":2,"href":"http:\/\/fidelio-jugend.de\/index.php?rest_route=\/wp\/v2\/pages\/447\/revisions"}],"predecessor-version":[{"id":453,"href":"http:\/\/fidelio-jugend.de\/index.php?rest_route=\/wp\/v2\/pages\/447\/revisions\/453"}],"wp:attachment":[{"href":"http:\/\/fidelio-jugend.de\/index.php?rest_route=%2Fwp%2Fv2%2Fmedia&parent=447"}],"curies":[{"name":"wp","href":"https:\/\/api.w.org\/{rel}","templated":true}]}}