{"id":420,"date":"2024-08-08T08:29:43","date_gmt":"2024-08-08T08:29:43","guid":{"rendered":"http:\/\/fidelio-jugend.de\/?page_id=420"},"modified":"2024-08-08T08:49:49","modified_gmt":"2024-08-08T08:49:49","slug":"eltville-wegbeschreibung","status":"publish","type":"page","link":"http:\/\/fidelio-jugend.de\/?page_id=420","title":{"rendered":"Eltville &#8211; Wegbeschreibung"},"content":{"rendered":"<p><strong>Nach einer 70 Minutigen Anfahrt starten wir oben in den Weinbergen von Rauenthal.<\/strong><\/p>\n<p><strong>Wir wandern von der Bubenh\u00e4user H\u00f6he hinunter ins Martinsthal und von dort \u00fcber einen leichten Anstieg hinauf zum Sonnentempel von Eltville.<\/strong><\/p>\n<p><strong>Den wundersch\u00f6nen Ausblick am Sonnentempel genie\u00dfen wir bei einer kurzen Rast. <\/strong><\/p>\n<p><strong>Anschlie\u00dfend wandern wir in Eltville durch die gem\u00fctliche Altstadt und danach direkt an das belebte Rheinufer.<\/strong><\/p>\n<p><strong>Nach einer kleinen Weinprobe laufen wir dann \u00fcber den Leinpfad entlang am Rheinufer zur Schlussrast nach Walluf in <\/strong><\/p>\n<p><strong>\u201eDen Weingarten\u201c. Im Weingarten darf gerne auf eigene Rucksackverpflegung zur\u00fcckgegriffen werden. Alternativ k\u00f6nnen wir etwas aus der kleinen Vesperkarte bestellen. Diese Bestellungen nehmen wir bereits im Bus auf der Hinfahrt entgegen.<\/strong><\/p>\n<p><strong>Der Bus holt uns in unmittelbarer N\u00e4he vom Weingarten um <\/strong><\/p>\n<p><strong>17:30 Uhr wieder ab.<\/strong><\/p>\n<p><strong><u>\u00a0<\/u><\/strong><\/p>\n<p><strong>Bitte 50 Cent St\u00fccke f\u00fcr die Benutzung der \u00f6ffentlichen Toiletten in Eltville und Walluf mitnehmen.<\/strong><\/p>\n\n\n<div class=\"wp-block-file\"><a id=\"wp-block-file--media-83cd64c3-1f52-4d2a-9c0a-9d66a5856ba3\" href=\"http:\/\/fidelio-jugend.de\/wp-content\/uploads\/2024\/08\/Aushang_Eltville_Wegbeschreibung.docx\">Aushang_Eltville_Wegbeschreibung<\/a><a href=\"http:\/\/fidelio-jugend.de\/wp-content\/uploads\/2024\/08\/Aushang_Eltville_Wegbeschreibung.docx\" class=\"wp-block-file__button wp-element-button\" download aria-describedby=\"wp-block-file--media-83cd64c3-1f52-4d2a-9c0a-9d66a5856ba3\">Herunterladen<\/a><\/div>\n\n\n<p><a href=\"http:\/\/fidelio-jugend.de\/?page_id=404\">zur\u00fcck<\/a><\/p>","protected":false},"excerpt":{"rendered":"<p>Nach einer 70 Minutigen Anfahrt starten wir oben in den Weinbergen von Rauenthal. Wir wandern von der Bubenh\u00e4user H\u00f6he hinunter ins Martinsthal und von dort \u00fcber einen leichten Anstieg hinauf [&hellip;]<\/p>\n","protected":false},"author":1,"featured_media":0,"parent":0,"menu_order":0,"comment_status":"closed","ping_status":"closed","template":"","meta":{"footnotes":""},"class_list":["post-420","page","type-page","status-publish","hentry"],"_links":{"self":[{"href":"http:\/\/fidelio-jugend.de\/index.php?rest_route=\/wp\/v2\/pages\/420","targetHints":{"allow":["GET"]}}],"collection":[{"href":"http:\/\/fidelio-jugend.de\/index.php?rest_route=\/wp\/v2\/pages"}],"about":[{"href":"http:\/\/fidelio-jugend.de\/index.php?rest_route=\/wp\/v2\/types\/page"}],"author":[{"embeddable":true,"href":"http:\/\/fidelio-jugend.de\/index.php?rest_route=\/wp\/v2\/users\/1"}],"replies":[{"embeddable":true,"href":"http:\/\/fidelio-jugend.de\/index.php?rest_route=%2Fwp%2Fv2%2Fcomments&post=420"}],"version-history":[{"count":3,"href":"http:\/\/fidelio-jugend.de\/index.php?rest_route=\/wp\/v2\/pages\/420\/revisions"}],"predecessor-version":[{"id":435,"href":"http:\/\/fidelio-jugend.de\/index.php?rest_route=\/wp\/v2\/pages\/420\/revisions\/435"}],"wp:attachment":[{"href":"http:\/\/fidelio-jugend.de\/index.php?rest_route=%2Fwp%2Fv2%2Fmedia&parent=420"}],"curies":[{"name":"wp","href":"https:\/\/api.w.org\/{rel}","templated":true}]}}