{"id":369,"date":"2024-07-07T06:39:28","date_gmt":"2024-07-07T06:39:28","guid":{"rendered":"http:\/\/fidelio-jugend.de\/?page_id=369"},"modified":"2024-07-22T04:29:45","modified_gmt":"2024-07-22T04:29:45","slug":"zeltlager-2024","status":"publish","type":"page","link":"http:\/\/fidelio-jugend.de\/?page_id=369","title":{"rendered":"Zeltlager 2024"},"content":{"rendered":"\n<p><\/p>\n\n\n<h4>Und wieder einmal ist es soweit\u2026die Fidelio-Jugend l\u00e4dt zum Zeltlager im\u00a0<strong>\u201cHoneyground\u201d<\/strong>\u00a0ein.<\/h4>\n<p><strong>WANN:<\/strong>\u00a0vom 27.7.24 bis 31.7.24<\/p>\n<p>Los geht\u2019s am\u00a0<strong>Samstag, den 27.7.24, ab 14 Uhr mit dem Aufbau.<\/strong><\/p>\n<p>Da am Er\u00f6ffnungstag abends wieder gegrillt wird, w\u00fcrden wir uns \u00fcber Salatspenden freuen. F\u00fcr angemeldete Personen ist Grillgut vorhanden, alle anderen bringen bitte selbst ihre Grillsachen mit!<br \/>Kuchenspenden nehmen wir nat\u00fcrlich auch gerne jeden Tag an!\u00a0<\/p>\n<p><strong>Bis Mittwoch, den 31.7.24<\/strong>\u00a0werden wir wieder tolle Sachen basteln\/bauen und nat\u00fcrlich aufregende Sachen erleben. Wenn ihr dabei sein wollt, dann meldet euch am besten sofort an und bringt bitte folgende Sachen mit:<\/p>\n<h4>SPASS, SPASS und noch mehr SPASS<img loading=\"lazy\" decoding=\"async\" class=\"size-full wp-image-392 alignright\" src=\"http:\/\/fidelio-jugend.de\/wp-content\/uploads\/2024\/07\/OIP.jpg\" alt=\"\" width=\"203\" height=\"147\" \/><\/h4>\n<p>Der Abbau beginnt am Mittwoch, nach dem Fr\u00fchst\u00fcck. Die Kinder bitten wir\u00a0<strong>bis 15 Uhr<\/strong>\u00a0abzuholen.<\/p>\n<p>Ebenfalls bitte beachten:\u00a0<strong>Kinder bis 6 Jahren d\u00fcrfen nur in Begleitung eines Erwachsenen mitzelten.<\/strong><\/p>\n<p>Freunde und Nichtmitglieder sind ebenfalls herzlich eingeladen unser Lagerleben zu teilen!<\/p>\n<p>Der ganze Spa\u00df kostet f\u00fcr Mitglieder Jugend 30\u20ac \/ Erwachsene 35\u20ac<br \/>Nichtmitglieder jeweils 5\u20ac mehr\u00a0<\/p>\n<p>\u00a0<\/p>\n<p>Euer Jugendleiter Christian Karpf\u00a0<\/p>\n\n\n<p><\/p>\n\n\n\n<p><\/p>\n","protected":false},"excerpt":{"rendered":"<p>Und wieder einmal ist es soweit\u2026die Fidelio-Jugend l\u00e4dt zum Zeltlager im\u00a0\u201cHoneyground\u201d\u00a0ein. WANN:\u00a0vom 27.7.24 bis 31.7.24 Los geht\u2019s am\u00a0Samstag, den 27.7.24, ab 14 Uhr mit dem Aufbau. Da am Er\u00f6ffnungstag abends [&hellip;]<\/p>\n","protected":false},"author":1,"featured_media":0,"parent":0,"menu_order":0,"comment_status":"closed","ping_status":"closed","template":"","meta":{"footnotes":""},"class_list":["post-369","page","type-page","status-publish","hentry"],"_links":{"self":[{"href":"http:\/\/fidelio-jugend.de\/index.php?rest_route=\/wp\/v2\/pages\/369","targetHints":{"allow":["GET"]}}],"collection":[{"href":"http:\/\/fidelio-jugend.de\/index.php?rest_route=\/wp\/v2\/pages"}],"about":[{"href":"http:\/\/fidelio-jugend.de\/index.php?rest_route=\/wp\/v2\/types\/page"}],"author":[{"embeddable":true,"href":"http:\/\/fidelio-jugend.de\/index.php?rest_route=\/wp\/v2\/users\/1"}],"replies":[{"embeddable":true,"href":"http:\/\/fidelio-jugend.de\/index.php?rest_route=%2Fwp%2Fv2%2Fcomments&post=369"}],"version-history":[{"count":17,"href":"http:\/\/fidelio-jugend.de\/index.php?rest_route=\/wp\/v2\/pages\/369\/revisions"}],"predecessor-version":[{"id":400,"href":"http:\/\/fidelio-jugend.de\/index.php?rest_route=\/wp\/v2\/pages\/369\/revisions\/400"}],"wp:attachment":[{"href":"http:\/\/fidelio-jugend.de\/index.php?rest_route=%2Fwp%2Fv2%2Fmedia&parent=369"}],"curies":[{"name":"wp","href":"https:\/\/api.w.org\/{rel}","templated":true}]}}