{"id":310,"date":"2024-05-16T04:08:35","date_gmt":"2024-05-16T04:08:35","guid":{"rendered":"http:\/\/fidelio-jugend.de\/?page_id=310"},"modified":"2024-06-10T04:34:35","modified_gmt":"2024-06-10T04:34:35","slug":"besuch-der-polizei-2","status":"publish","type":"page","link":"http:\/\/fidelio-jugend.de\/?page_id=310","title":{"rendered":"Besuch der Polizei"},"content":{"rendered":"\n<p>Habt ihr euch schonmal gefragt, wie es in unserer Polizeiinspektion aussieht? Wollt ihr wissen wie Polizeiarbeit funktioniert? Was ist der Unterschied zwischen dem Pr\u00e4sidium und einer Inspektion? Wie sieht ein Streifenwagen von innen aus?<\/p>\n\n\n<div class=\"wp-block-image\">\n<figure class=\"aligncenter size-full\"><img loading=\"lazy\" decoding=\"async\" width=\"310\" height=\"163\" src=\"http:\/\/fidelio-jugend.de\/wp-content\/uploads\/2024\/05\/Herunterladen.png\" alt=\"\" class=\"wp-image-318\" srcset=\"http:\/\/fidelio-jugend.de\/wp-content\/uploads\/2024\/05\/Herunterladen.png 310w, http:\/\/fidelio-jugend.de\/wp-content\/uploads\/2024\/05\/Herunterladen-300x158.png 300w\" sizes=\"auto, (max-width: 310px) 100vw, 310px\" \/><\/figure><\/div>\n\n\n<p>Dann besichtigt mit uns die Polizeiinspektion Aschaffenburg.<\/p>\n\n\n\n<p>Treffpunkt ist am 08.06.2024, 14:00 Uhr auf dem Besucherparkplatz der Polizei.<\/p>\n\n\n\n<p>Die F\u00fchrung dauert ca. 1 Stunde. Wir werden dort sehen, wie die Polizei arbeitet, k\u00f6nnen im Streifenwagen sitzen und vielleicht in die Zellen schauen. Eine Hundevorf\u00fchrung steht ebenfalls auf dem Programm.<\/p>\n\n\n\n<p>Den Nachmittag lassen wir dann im Sch\u00f6nbusch-Biergarten ausklingen. (Hinweis: Die Baustelle an der Darmst\u00e4dter Stra\u00dfe ist zu dieser Zeit bereits beendet)<\/p>\n\n\n\n<p><\/p>\n\n\n\n<div class=\"wp-block-media-text is-stacked-on-mobile\"><figure class=\"wp-block-media-text__media\"><img loading=\"lazy\" decoding=\"async\" width=\"274\" height=\"184\" src=\"http:\/\/fidelio-jugend.de\/wp-content\/uploads\/2024\/05\/Herunterladen.jpg\" alt=\"\" class=\"wp-image-317 size-full\"\/><\/figure><div class=\"wp-block-media-text__content\">\n<p><\/p>\n<\/div><\/div>\n\n\n\n<p>Wir freuen uns auf euch Martin und Kerstin<\/p>\n","protected":false},"excerpt":{"rendered":"<p>Habt ihr euch schonmal gefragt, wie es in unserer Polizeiinspektion aussieht? Wollt ihr wissen wie Polizeiarbeit funktioniert? Was ist der Unterschied zwischen dem Pr\u00e4sidium und einer Inspektion? Wie sieht ein [&hellip;]<\/p>\n","protected":false},"author":1,"featured_media":0,"parent":0,"menu_order":0,"comment_status":"closed","ping_status":"closed","template":"","meta":{"footnotes":""},"class_list":["post-310","page","type-page","status-publish","hentry"],"_links":{"self":[{"href":"http:\/\/fidelio-jugend.de\/index.php?rest_route=\/wp\/v2\/pages\/310","targetHints":{"allow":["GET"]}}],"collection":[{"href":"http:\/\/fidelio-jugend.de\/index.php?rest_route=\/wp\/v2\/pages"}],"about":[{"href":"http:\/\/fidelio-jugend.de\/index.php?rest_route=\/wp\/v2\/types\/page"}],"author":[{"embeddable":true,"href":"http:\/\/fidelio-jugend.de\/index.php?rest_route=\/wp\/v2\/users\/1"}],"replies":[{"embeddable":true,"href":"http:\/\/fidelio-jugend.de\/index.php?rest_route=%2Fwp%2Fv2%2Fcomments&post=310"}],"version-history":[{"count":3,"href":"http:\/\/fidelio-jugend.de\/index.php?rest_route=\/wp\/v2\/pages\/310\/revisions"}],"predecessor-version":[{"id":366,"href":"http:\/\/fidelio-jugend.de\/index.php?rest_route=\/wp\/v2\/pages\/310\/revisions\/366"}],"wp:attachment":[{"href":"http:\/\/fidelio-jugend.de\/index.php?rest_route=%2Fwp%2Fv2%2Fmedia&parent=310"}],"curies":[{"name":"wp","href":"https:\/\/api.w.org\/{rel}","templated":true}]}}