{"id":191,"date":"2024-01-05T16:51:51","date_gmt":"2024-01-05T16:51:51","guid":{"rendered":"http:\/\/fidelio-jugend.de\/?page_id=191"},"modified":"2024-02-24T08:36:23","modified_gmt":"2024-02-24T08:36:23","slug":"fidelio-schwimmt","status":"publish","type":"page","link":"http:\/\/fidelio-jugend.de\/?page_id=191","title":{"rendered":"FIDELIO schwimmt"},"content":{"rendered":"\n<h2 class=\"wp-block-heading\"><strong>Fahrt mit ins Miramar!<\/strong><\/h2>\n\n\n<p>Fahrt mit uns zum Miramar! Wellenbad \/ Wasserrutschen \/ Thermen- und Saunabereich. F\u00fcr jedes Alter ist etwas dabei.<\/p>\n\n\n<div class=\"wp-block-columns is-layout-flex wp-container-core-columns-is-layout-1 wp-block-columns-is-layout-flex\">\n<div class=\"wp-block-column is-layout-flow wp-block-column-is-layout-flow\" style=\"flex-basis:100%\"><div class=\"wp-block-image is-style-rounded\">\n<figure class=\"aligncenter size-full is-resized\"><img loading=\"lazy\" decoding=\"async\" width=\"479\" height=\"479\" src=\"http:\/\/fidelio-jugend.de\/wp-content\/uploads\/2024\/01\/Zille-baden-1.png\" alt=\"\" class=\"wp-image-193\" style=\"width:389px;height:auto\" srcset=\"http:\/\/fidelio-jugend.de\/wp-content\/uploads\/2024\/01\/Zille-baden-1.png 479w, http:\/\/fidelio-jugend.de\/wp-content\/uploads\/2024\/01\/Zille-baden-1-300x300.png 300w, http:\/\/fidelio-jugend.de\/wp-content\/uploads\/2024\/01\/Zille-baden-1-150x150.png 150w\" sizes=\"auto, (max-width: 479px) 100vw, 479px\" \/><\/figure><\/div><\/div>\n<\/div>\n\n\n\n<p><\/p>\n\n\n<p>Wir treffen uns am<strong> 25.02.2024 um 07:30 Uhr<\/strong> an der Raiffeisenbank in der Hensbachstra\u00dfe und fahren von dort aus mit dem Bus nach Weinheim. Nach knapp 1,5 Stunden sind wir am Ziel und wollen einen tollen Tag zusammen verbringen. Die R\u00fcckfahrt ist f\u00fcr ca. 16:30 Uhr geplant.<\/p>\n\n\n<hr class=\"wp-block-separator has-alpha-channel-opacity\"\/>\n\n\n\n<h2 class=\"wp-block-heading\">Noch ein paar Hinweise:&nbsp;&nbsp;&nbsp;<\/h2>\n\n\n<p>\n\n\n<\/p>\n<p>Der Eintrittspreis in Gruppen betr\u00e4gt f\u00fcr jeden Erwachsenen 21 \u20ac, Jugendliche bis 17 Jahren zahlen 16 \u20ac. Kinder von 2- 5 Jahren kosten 7,90 \u20ac. Den Betrag werden wir bereits im Bus einsammeln.<\/p>\n<p>\n\n\n\n<\/p>\n<p>Enthalten ist der Eintritt f\u00fcr das Spa\u00df- und Erlebnisbad. Zugang zum Thermen- und\/oder Saunabereich ist \u00fcber den Chip m\u00f6glich, den ihr beim Eintritt erhaltet. (Ihr geht einfach durch das entsprechende Drehkreuz und der Aufpreis wird dem Chip zugebucht) Diesen Aufpreis m\u00fcsst ihr dann beim Verlassen des Schwimmbads an der Kasse begleichen.\u00a0\u00a0<\/p>\n<p>\n\n\n\n<\/p>\n<p>Bei Gruppen ist ab 15 Jugendlichen eine erwachsene Person frei. Wir spenden diesen freien Eintritt der Jugendkasse.<\/p>\n<p>\n\n\n\n<\/p>\n<p>Bitte habt Verst\u00e4ndnis, dass Jugendliche aus Haftungsgr\u00fcnden nur in Begleitung einer Aufsichtsperson teilnehmen k\u00f6nnen.<\/p>\n<p>\n\n\n\n<\/p>\n<p>Wir bitten um z\u00fcgige Anmeldung, da wir nur begrenzte Pl\u00e4tze haben.<\/p>\n<p>Wir freuen uns sehr auf euch<br \/><strong>Kerstin und Melli<\/strong><\/p>\n<p>\n","protected":false},"excerpt":{"rendered":"<p>Fahrt mit ins Miramar! Fahrt mit uns zum Miramar! Wellenbad \/ Wasserrutschen \/ Thermen- und Saunabereich. F\u00fcr jedes Alter ist etwas dabei. Wir treffen uns am 25.02.2024 um 07:30 Uhr [&hellip;]<\/p>\n","protected":false},"author":1,"featured_media":192,"parent":0,"menu_order":0,"comment_status":"closed","ping_status":"closed","template":"","meta":{"footnotes":""},"class_list":["post-191","page","type-page","status-publish","has-post-thumbnail","hentry"],"_links":{"self":[{"href":"http:\/\/fidelio-jugend.de\/index.php?rest_route=\/wp\/v2\/pages\/191","targetHints":{"allow":["GET"]}}],"collection":[{"href":"http:\/\/fidelio-jugend.de\/index.php?rest_route=\/wp\/v2\/pages"}],"about":[{"href":"http:\/\/fidelio-jugend.de\/index.php?rest_route=\/wp\/v2\/types\/page"}],"author":[{"embeddable":true,"href":"http:\/\/fidelio-jugend.de\/index.php?rest_route=\/wp\/v2\/users\/1"}],"replies":[{"embeddable":true,"href":"http:\/\/fidelio-jugend.de\/index.php?rest_route=%2Fwp%2Fv2%2Fcomments&post=191"}],"version-history":[{"count":12,"href":"http:\/\/fidelio-jugend.de\/index.php?rest_route=\/wp\/v2\/pages\/191\/revisions"}],"predecessor-version":[{"id":267,"href":"http:\/\/fidelio-jugend.de\/index.php?rest_route=\/wp\/v2\/pages\/191\/revisions\/267"}],"wp:featuredmedia":[{"embeddable":true,"href":"http:\/\/fidelio-jugend.de\/index.php?rest_route=\/wp\/v2\/media\/192"}],"wp:attachment":[{"href":"http:\/\/fidelio-jugend.de\/index.php?rest_route=%2Fwp%2Fv2%2Fmedia&parent=191"}],"curies":[{"name":"wp","href":"https:\/\/api.w.org\/{rel}","templated":true}]}}